{"id":8330,"date":"2018-07-07T11:27:10","date_gmt":"2018-07-07T11:27:10","guid":{"rendered":"https:\/\/qa.emmirmilano.com\/pongase-en-contacto-con-nosotros\/"},"modified":"2024-08-15T20:35:15","modified_gmt":"2024-08-15T20:35:15","slug":"pongase-en-contacto-con-nosotros","status":"publish","type":"page","link":"https:\/\/qa.emmirmilano.com\/es\/pongase-en-contacto-con-nosotros\/","title":{"rendered":"P\u00f3ngase en contacto con nosotros"},"content":{"rendered":"\t\t<div data-elementor-type=\"wp-post\" data-elementor-id=\"8330\" class=\"elementor elementor-8330 elementor-1132\" data-elementor-post-type=\"page\">\n\t\t\t\t<div class=\"elementor-element elementor-element-2fa109c8 e-flex e-con-boxed e-con e-parent\" data-id=\"2fa109c8\" data-element_type=\"container\" data-settings=\"{&quot;background_background&quot;:&quot;classic&quot;}\">\n\t\t\t\t\t<div class=\"e-con-inner\">\n\t\t\t\t<div class=\"elementor-element elementor-element-637a1c67 elementor-widget-tablet__width-inherit elementor-widget-mobile__width-inherit elementor-widget elementor-widget-image-box\" data-id=\"637a1c67\" data-element_type=\"widget\" data-widget_type=\"image-box.default\">\n\t\t\t\t<div class=\"elementor-widget-container\">\n\t\t\t<div class=\"elementor-image-box-wrapper\"><div class=\"elementor-image-box-content\"><h3 class=\"elementor-image-box-title\">Su fragancia exclusiva empieza aqu\u00ed<\/h3><p class=\"elementor-image-box-description\">Nos encantar\u00eda hablar con usted.<br>\nNo dude en ponerse en contacto con nosotros.\n\n\n\n\n\n\n<\/p><\/div><\/div>\t\t<\/div>\n\t\t\t\t<\/div>\n\t\t\t\t<div class=\"elementor-element elementor-element-42a9c370 elementor-button-align-center elementor-widget__width-initial elementor-widget-tablet__width-inherit elementor-widget elementor-widget-form\" data-id=\"42a9c370\" data-element_type=\"widget\" data-settings=\"{&quot;step_next_label&quot;:&quot;Siguiente&quot;,&quot;step_previous_label&quot;:&quot;Anterior&quot;,&quot;button_width&quot;:&quot;100&quot;,&quot;step_type&quot;:&quot;number_text&quot;,&quot;step_icon_shape&quot;:&quot;circle&quot;}\" data-widget_type=\"form.default\">\n\t\t\t\t<div class=\"elementor-widget-container\">\n\t\t\t\t\t<form class=\"elementor-form\" method=\"post\" name=\"P\u00f3ngase en contacto con\">\n\t\t\t<input type=\"hidden\" name=\"post_id\" value=\"8330\"\/>\n\t\t\t<input type=\"hidden\" name=\"form_id\" value=\"42a9c370\"\/>\n\t\t\t<input type=\"hidden\" name=\"referer_title\" value=\"QA Emmir Milano\" \/>\n\n\t\t\t\n\t\t\t<div class=\"elementor-form-fields-wrapper elementor-labels-\">\n\t\t\t\t\t\t\t\t<div class=\"elementor-field-type-text elementor-field-group elementor-column elementor-field-group-name elementor-col-100 elementor-field-required\">\n\t\t\t\t\t\t\t\t\t\t\t\t<label for=\"form-field-name\" class=\"elementor-field-label elementor-screen-only\">\n\t\t\t\t\t\t\t\tNombre\t\t\t\t\t\t\t<\/label>\n\t\t\t\t\t\t\t\t\t\t\t\t\t\t<input size=\"1\" type=\"text\" name=\"form_fields[name]\" id=\"form-field-name\" class=\"elementor-field elementor-size-lg  elementor-field-textual\" placeholder=\"Introduzca su nombre\" required=\"required\" aria-required=\"true\">\n\t\t\t\t\t\t\t\t\t\t\t<\/div>\n\t\t\t\t\t\t\t\t<div class=\"elementor-field-type-email elementor-field-group elementor-column elementor-field-group-email elementor-col-100 elementor-field-required\">\n\t\t\t\t\t\t\t\t\t\t\t\t<label for=\"form-field-email\" class=\"elementor-field-label elementor-screen-only\">\n\t\t\t\t\t\t\t\tCorreo electr\u00f3nico\t\t\t\t\t\t\t<\/label>\n\t\t\t\t\t\t\t\t\t\t\t\t\t\t<input size=\"1\" type=\"email\" name=\"form_fields[email]\" id=\"form-field-email\" class=\"elementor-field elementor-size-lg  elementor-field-textual\" placeholder=\"Introduzca su correo\" required=\"required\" aria-required=\"true\">\n\t\t\t\t\t\t\t\t\t\t\t<\/div>\n\t\t\t\t\t\t\t\t<div class=\"elementor-field-type-tel elementor-field-group elementor-column elementor-field-group-field_13b1542 elementor-col-100 elementor-field-required\">\n\t\t\t\t\t\t\t\t\t\t\t\t<label for=\"form-field-field_13b1542\" class=\"elementor-field-label elementor-screen-only\">\n\t\t\t\t\t\t\t\tCelular\t\t\t\t\t\t\t<\/label>\n\t\t\t\t\t\t\t\t<input size=\"1\" type=\"tel\" name=\"form_fields[field_13b1542]\" id=\"form-field-field_13b1542\" class=\"elementor-field elementor-size-lg  elementor-field-textual\" placeholder=\"Introduzca su n\u00famero de tel\u00e9fono\" required=\"required\" aria-required=\"true\" pattern=\"[0-9()#&amp;+*-=.]+\" title=\"Solo se aceptan n\u00fameros y caracteres de tel\u00e9fono (#,-,*,etc).\">\n\n\t\t\t\t\t\t<\/div>\n\t\t\t\t\t\t\t\t<div class=\"elementor-field-type-acceptance elementor-field-group elementor-column elementor-field-group-field_89a5470 elementor-col-100\">\n\t\t\t\t\t\t\t\t\t\t\t\t<label for=\"form-field-field_89a5470\" class=\"elementor-field-label elementor-screen-only\">\n\t\t\t\t\t\t\t\tprotecci\u00f3n_datos\t\t\t\t\t\t\t<\/label>\n\t\t\t\t\t\t\t\t<div class=\"elementor-field-subgroup\">\n\t\t\t<span class=\"elementor-field-option\">\n\t\t\t\t<input type=\"checkbox\" name=\"form_fields[field_89a5470]\" id=\"form-field-field_89a5470\" class=\"elementor-field elementor-size-lg  elementor-acceptance-field\">\n\t\t\t\t<label for=\"form-field-field_89a5470\"><span style=\"color: white;\">\n  Al hacer clic en \"Enviar\", acepta nuestras <a href=\"https:\/\/qa.emmirmilano.com\/privacy-policies\/\" target=\"_blank\" style=\"color: white; text-decoration: underline;\">pol\u00edticas de privacidad<\/a>.\n<\/span>\n<\/label>\t\t\t<\/span>\n\t\t<\/div>\n\t\t\t\t\t\t<\/div>\n\t\t\t\t\t\t\t\t<div class=\"elementor-field-type-recaptcha_v3 elementor-field-group elementor-column elementor-field-group-field_6807e7f elementor-col-100 recaptcha_v3-bottomright\">\n\t\t\t\t\t<div class=\"elementor-field\" id=\"form-field-field_6807e7f\"><div class=\"elementor-g-recaptcha\" data-sitekey=\"6LdZlkspAAAAAAf-LBDFLh27ppuRmz3p8Im_3jVc\" data-type=\"v3\" data-action=\"Form\" data-badge=\"bottomright\" data-size=\"invisible\"><\/div><\/div>\t\t\t\t<\/div>\n\t\t\t\t\t\t\t\t<div class=\"elementor-field-group elementor-column elementor-field-type-submit elementor-col-100 e-form__buttons\">\n\t\t\t\t\t<button class=\"elementor-button elementor-size-md elementor-animation-grow\" type=\"submit\">\n\t\t\t\t\t\t<span class=\"elementor-button-content-wrapper\">\n\t\t\t\t\t\t\t\t\t\t\t\t\t\t\t\t\t\t\t\t\t\t<span class=\"elementor-button-text\">Enviar<\/span>\n\t\t\t\t\t\t\t\t\t\t\t\t\t<\/span>\n\t\t\t\t\t<\/button>\n\t\t\t\t<\/div>\n\t\t\t<\/div>\n\t\t<\/form>\n\t\t\t\t<\/div>\n\t\t\t\t<\/div>\n\t\t\t\t\t<\/div>\n\t\t\t\t<\/div>\n\t\t\t\t<\/div>\n\t\t","protected":false},"excerpt":{"rendered":"<p>Su fragancia exclusiva empieza aqu\u00ed Nos encantar\u00eda hablar con usted. No dude en ponerse en contacto con nosotros.<\/p>\n","protected":false},"author":1,"featured_media":0,"parent":0,"menu_order":0,"comment_status":"closed","ping_status":"closed","template":"template-canvas.php","meta":{"footnotes":""},"class_list":["post-8330","page","type-page","status-publish","hentry"],"yoast_head":"<!-- This site is optimized with the Yoast SEO plugin v23.5 - https:\/\/yoast.com\/wordpress\/plugins\/seo\/ -->\n<title>P\u00f3ngase en contacto con nosotros<\/title>\n<meta name=\"robots\" content=\"noindex, follow, max-snippet:-1, max-image-preview:large, max-video-preview:-1\" \/>\n<meta property=\"og:locale\" content=\"es_ES\" \/>\n<meta property=\"og:type\" content=\"article\" \/>\n<meta property=\"og:title\" content=\"P\u00f3ngase en contacto con nosotros\" \/>\n<meta property=\"og:description\" content=\"Su fragancia exclusiva empieza aqu\u00ed Nos encantar\u00eda hablar con usted. No dude en ponerse en contacto con nosotros.\" \/>\n<meta property=\"og:url\" content=\"https:\/\/qa.emmirmilano.com\/es\/pongase-en-contacto-con-nosotros\/\" \/>\n<meta property=\"og:site_name\" content=\"QA Emmir Milano\" \/>\n<meta property=\"article:modified_time\" content=\"2024-08-15T20:35:15+00:00\" \/>\n<meta name=\"twitter:card\" content=\"summary_large_image\" \/>\n<script type=\"application\/ld+json\" class=\"yoast-schema-graph\">{\"@context\":\"https:\/\/schema.org\",\"@graph\":[{\"@type\":\"WebPage\",\"@id\":\"https:\/\/qa.emmirmilano.com\/es\/pongase-en-contacto-con-nosotros\/\",\"url\":\"https:\/\/qa.emmirmilano.com\/es\/pongase-en-contacto-con-nosotros\/\",\"name\":\"P\u00f3ngase en contacto con nosotros\",\"isPartOf\":{\"@id\":\"https:\/\/qa.emmirmilano.com\/es\/#website\"},\"datePublished\":\"2018-07-07T11:27:10+00:00\",\"dateModified\":\"2024-08-15T20:35:15+00:00\",\"breadcrumb\":{\"@id\":\"https:\/\/qa.emmirmilano.com\/es\/pongase-en-contacto-con-nosotros\/#breadcrumb\"},\"inLanguage\":\"es\",\"potentialAction\":[{\"@type\":\"ReadAction\",\"target\":[\"https:\/\/qa.emmirmilano.com\/es\/pongase-en-contacto-con-nosotros\/\"]}]},{\"@type\":\"BreadcrumbList\",\"@id\":\"https:\/\/qa.emmirmilano.com\/es\/pongase-en-contacto-con-nosotros\/#breadcrumb\",\"itemListElement\":[{\"@type\":\"ListItem\",\"position\":1,\"name\":\"Home\",\"item\":\"https:\/\/qa.emmirmilano.com\/es\/pongase-en-contacto-con-nosotros-2\/\"},{\"@type\":\"ListItem\",\"position\":2,\"name\":\"P\u00f3ngase en contacto con nosotros\"}]},{\"@type\":\"WebSite\",\"@id\":\"https:\/\/qa.emmirmilano.com\/es\/#website\",\"url\":\"https:\/\/qa.emmirmilano.com\/es\/\",\"name\":\"QA Emmir Milano\",\"description\":\"\",\"publisher\":{\"@id\":\"https:\/\/qa.emmirmilano.com\/es\/#organization\"},\"potentialAction\":[{\"@type\":\"SearchAction\",\"target\":{\"@type\":\"EntryPoint\",\"urlTemplate\":\"https:\/\/qa.emmirmilano.com\/es\/?s={search_term_string}\"},\"query-input\":{\"@type\":\"PropertyValueSpecification\",\"valueRequired\":true,\"valueName\":\"search_term_string\"}}],\"inLanguage\":\"es\"},{\"@type\":\"Organization\",\"@id\":\"https:\/\/qa.emmirmilano.com\/es\/#organization\",\"name\":\"QA Emmir Milano\",\"url\":\"https:\/\/qa.emmirmilano.com\/es\/\",\"logo\":{\"@type\":\"ImageObject\",\"inLanguage\":\"es\",\"@id\":\"https:\/\/qa.emmirmilano.com\/es\/#\/schema\/logo\/image\/\",\"url\":\"https:\/\/qa.emmirmilano.com\/wp-content\/uploads\/2024\/02\/logotipo_emmir-blanco.webp\",\"contentUrl\":\"https:\/\/qa.emmirmilano.com\/wp-content\/uploads\/2024\/02\/logotipo_emmir-blanco.webp\",\"width\":513,\"height\":197,\"caption\":\"QA Emmir Milano\"},\"image\":{\"@id\":\"https:\/\/qa.emmirmilano.com\/es\/#\/schema\/logo\/image\/\"}}]}<\/script>\n<!-- \/ Yoast SEO plugin. -->","yoast_head_json":{"title":"P\u00f3ngase en contacto con nosotros","robots":{"index":"noindex","follow":"follow","max-snippet":"max-snippet:-1","max-image-preview":"max-image-preview:large","max-video-preview":"max-video-preview:-1"},"og_locale":"es_ES","og_type":"article","og_title":"P\u00f3ngase en contacto con nosotros","og_description":"Su fragancia exclusiva empieza aqu\u00ed Nos encantar\u00eda hablar con usted. No dude en ponerse en contacto con nosotros.","og_url":"https:\/\/qa.emmirmilano.com\/es\/pongase-en-contacto-con-nosotros\/","og_site_name":"QA Emmir Milano","article_modified_time":"2024-08-15T20:35:15+00:00","twitter_card":"summary_large_image","schema":{"@context":"https:\/\/schema.org","@graph":[{"@type":"WebPage","@id":"https:\/\/qa.emmirmilano.com\/es\/pongase-en-contacto-con-nosotros\/","url":"https:\/\/qa.emmirmilano.com\/es\/pongase-en-contacto-con-nosotros\/","name":"P\u00f3ngase en contacto con nosotros","isPartOf":{"@id":"https:\/\/qa.emmirmilano.com\/es\/#website"},"datePublished":"2018-07-07T11:27:10+00:00","dateModified":"2024-08-15T20:35:15+00:00","breadcrumb":{"@id":"https:\/\/qa.emmirmilano.com\/es\/pongase-en-contacto-con-nosotros\/#breadcrumb"},"inLanguage":"es","potentialAction":[{"@type":"ReadAction","target":["https:\/\/qa.emmirmilano.com\/es\/pongase-en-contacto-con-nosotros\/"]}]},{"@type":"BreadcrumbList","@id":"https:\/\/qa.emmirmilano.com\/es\/pongase-en-contacto-con-nosotros\/#breadcrumb","itemListElement":[{"@type":"ListItem","position":1,"name":"Home","item":"https:\/\/qa.emmirmilano.com\/es\/pongase-en-contacto-con-nosotros-2\/"},{"@type":"ListItem","position":2,"name":"P\u00f3ngase en contacto con nosotros"}]},{"@type":"WebSite","@id":"https:\/\/qa.emmirmilano.com\/es\/#website","url":"https:\/\/qa.emmirmilano.com\/es\/","name":"QA Emmir Milano","description":"","publisher":{"@id":"https:\/\/qa.emmirmilano.com\/es\/#organization"},"potentialAction":[{"@type":"SearchAction","target":{"@type":"EntryPoint","urlTemplate":"https:\/\/qa.emmirmilano.com\/es\/?s={search_term_string}"},"query-input":{"@type":"PropertyValueSpecification","valueRequired":true,"valueName":"search_term_string"}}],"inLanguage":"es"},{"@type":"Organization","@id":"https:\/\/qa.emmirmilano.com\/es\/#organization","name":"QA Emmir Milano","url":"https:\/\/qa.emmirmilano.com\/es\/","logo":{"@type":"ImageObject","inLanguage":"es","@id":"https:\/\/qa.emmirmilano.com\/es\/#\/schema\/logo\/image\/","url":"https:\/\/qa.emmirmilano.com\/wp-content\/uploads\/2024\/02\/logotipo_emmir-blanco.webp","contentUrl":"https:\/\/qa.emmirmilano.com\/wp-content\/uploads\/2024\/02\/logotipo_emmir-blanco.webp","width":513,"height":197,"caption":"QA Emmir Milano"},"image":{"@id":"https:\/\/qa.emmirmilano.com\/es\/#\/schema\/logo\/image\/"}}]}},"_links":{"self":[{"href":"https:\/\/qa.emmirmilano.com\/es\/wp-json\/wp\/v2\/pages\/8330","targetHints":{"allow":["GET"]}}],"collection":[{"href":"https:\/\/qa.emmirmilano.com\/es\/wp-json\/wp\/v2\/pages"}],"about":[{"href":"https:\/\/qa.emmirmilano.com\/es\/wp-json\/wp\/v2\/types\/page"}],"author":[{"embeddable":true,"href":"https:\/\/qa.emmirmilano.com\/es\/wp-json\/wp\/v2\/users\/1"}],"replies":[{"embeddable":true,"href":"https:\/\/qa.emmirmilano.com\/es\/wp-json\/wp\/v2\/comments?post=8330"}],"version-history":[{"count":0,"href":"https:\/\/qa.emmirmilano.com\/es\/wp-json\/wp\/v2\/pages\/8330\/revisions"}],"wp:attachment":[{"href":"https:\/\/qa.emmirmilano.com\/es\/wp-json\/wp\/v2\/media?parent=8330"}],"curies":[{"name":"wp","href":"https:\/\/api.w.org\/{rel}","templated":true}]}}