{"id":9125,"date":"2024-08-26T20:13:23","date_gmt":"2024-08-26T20:13:23","guid":{"rendered":"https:\/\/qa.emmirmilano.com\/casa-di-emmir\/"},"modified":"2024-10-03T19:36:44","modified_gmt":"2024-10-03T19:36:44","slug":"casa-di-emmir","status":"publish","type":"page","link":"https:\/\/qa.emmirmilano.com\/it\/casa-di-emmir\/","title":{"rendered":"Casa di EMMIR"},"content":{"rendered":"\t\t<div data-elementor-type=\"wp-post\" data-elementor-id=\"9125\" class=\"elementor elementor-9125 elementor-9044\" data-elementor-post-type=\"page\">\n\t\t\t\t<div class=\"elementor-element elementor-element-89b223d e-flex e-con-boxed e-con e-parent\" data-id=\"89b223d\" data-element_type=\"container\" data-settings=\"{&quot;background_background&quot;:&quot;classic&quot;}\">\n\t\t\t\t\t<div class=\"e-con-inner\">\n\t\t\t\t<div class=\"elementor-element elementor-element-9395a46 elementor-widget elementor-widget-text-editor\" data-id=\"9395a46\" data-element_type=\"widget\" data-widget_type=\"text-editor.default\">\n\t\t\t\t<div class=\"elementor-widget-container\">\n\t\t\t\t\t\t\t<p>Nel cuore della splendida citt\u00e0 di Milano, c&#8217;\u00e8 un luogo straordinario conosciuto come EMMIR MILANO. Questo paradiso etereo della profumeria italiana \u00e8 molto pi\u00f9 di una semplice casa di produzione, \u00e8 una destinazione incantevole dove i sogni diventano profumi e i sensi prendono vita.<\/p>\n<p>Dal momento in cui varcherai la soglia, potrai percepire un mix inebriante di aromi squisiti e un&#8217;atmosfera ricca di eleganza. Ogni angolo \u00e8 stato meticolosamente progettato per trasportare i visitatori in un mondo di bellezza olfattiva.<\/p>\n<p>L&#8217;anima che si cela dietro ogni fragranza ha il dono speciale di catturare l&#8217;essenza della passione e dell&#8217;eleganza in ogni goccia. La visione di EMMIR MILANO \u00e8 quella di creare profumi che non solo deliziano i sensi, ma raccontano anche storie e risvegliano emozioni profonde in chi li indossa.<\/p>\n<p>I profumi di EMMIR MILANO sono dei veri e propri capolavori. Ogni fragranza \u00e8 una sinfonia accuratamente composta di note squisite e accordi incantevoli. Dagli agrumi frizzanti di una mattina sulla Costiera Amalfitana alle note sensuali di un giardino fiorito in Toscana, ogni profumo \u00e8 una finestra sui paesaggi e sulle esperienze pi\u00f9 belle d&#8217;Italia.<\/p>\n<p>L&#8217;importanza della maestria e della qualit\u00e0 in ogni aspetto del tuo lavoro. Dalla selezione degli ingredienti pi\u00f9 rari e preziosi al design meticoloso della sua bottiglia. Ogni profumo EMMIR MILANO \u00e8 un&#8217;opera d&#8217;arte che parla da sola, un gioiello etereo che cattura l&#8217;essenza della profumeria italiana.<\/p>\n\t\t\t\t\t\t<\/div>\n\t\t\t\t<\/div>\n\t\t\t\t\t<\/div>\n\t\t\t\t<\/div>\n\t\t\t\t<\/div>\n\t\t","protected":false},"excerpt":{"rendered":"<p>Nel cuore della splendida citt\u00e0 di Milano, c&#8217;\u00e8 un luogo straordinario conosciuto come EMMIR MILANO. Questo paradiso etereo della profumeria italiana \u00e8 molto pi\u00f9 di una semplice casa di produzione, \u00e8 una destinazione incantevole dove i sogni diventano profumi e i sensi prendono vita. Dal momento in cui varcherai la soglia, potrai percepire un mix [&hellip;]<\/p>\n","protected":false},"author":1,"featured_media":0,"parent":0,"menu_order":0,"comment_status":"closed","ping_status":"closed","template":"template-canvas.php","meta":{"footnotes":""},"class_list":["post-9125","page","type-page","status-publish","hentry"],"yoast_head":"<!-- This site is optimized with the Yoast SEO plugin v23.5 - https:\/\/yoast.com\/wordpress\/plugins\/seo\/ -->\n<title>Casa di EMMIR<\/title>\n<meta name=\"robots\" content=\"noindex, follow, max-snippet:-1, max-image-preview:large, max-video-preview:-1\" \/>\n<meta property=\"og:locale\" content=\"it_IT\" \/>\n<meta property=\"og:type\" content=\"article\" \/>\n<meta property=\"og:title\" content=\"Casa di EMMIR\" \/>\n<meta property=\"og:description\" content=\"Nel cuore della splendida citt\u00e0 di Milano, c&#8217;\u00e8 un luogo straordinario conosciuto come EMMIR MILANO. Questo paradiso etereo della profumeria italiana \u00e8 molto pi\u00f9 di una semplice casa di produzione, \u00e8 una destinazione incantevole dove i sogni diventano profumi e i sensi prendono vita. Dal momento in cui varcherai la soglia, potrai percepire un mix [&hellip;]\" \/>\n<meta property=\"og:url\" content=\"https:\/\/qa.emmirmilano.com\/it\/casa-di-emmir\/\" \/>\n<meta property=\"og:site_name\" content=\"QA Emmir Milano\" \/>\n<meta property=\"article:modified_time\" content=\"2024-10-03T19:36:44+00:00\" \/>\n<meta name=\"twitter:card\" content=\"summary_large_image\" \/>\n<meta name=\"twitter:label1\" content=\"Tempo di lettura stimato\" \/>\n\t<meta name=\"twitter:data1\" content=\"1 minuto\" \/>\n<script type=\"application\/ld+json\" class=\"yoast-schema-graph\">{\"@context\":\"https:\/\/schema.org\",\"@graph\":[{\"@type\":\"WebPage\",\"@id\":\"https:\/\/qa.emmirmilano.com\/it\/casa-di-emmir\/\",\"url\":\"https:\/\/qa.emmirmilano.com\/it\/casa-di-emmir\/\",\"name\":\"Casa di EMMIR\",\"isPartOf\":{\"@id\":\"https:\/\/qa.emmirmilano.com\/it\/#website\"},\"datePublished\":\"2024-08-26T20:13:23+00:00\",\"dateModified\":\"2024-10-03T19:36:44+00:00\",\"breadcrumb\":{\"@id\":\"https:\/\/qa.emmirmilano.com\/it\/casa-di-emmir\/#breadcrumb\"},\"inLanguage\":\"it-IT\",\"potentialAction\":[{\"@type\":\"ReadAction\",\"target\":[\"https:\/\/qa.emmirmilano.com\/it\/casa-di-emmir\/\"]}]},{\"@type\":\"BreadcrumbList\",\"@id\":\"https:\/\/qa.emmirmilano.com\/it\/casa-di-emmir\/#breadcrumb\",\"itemListElement\":[{\"@type\":\"ListItem\",\"position\":1,\"name\":\"Home\",\"item\":\"https:\/\/qa.emmirmilano.com\/it\/home\/\"},{\"@type\":\"ListItem\",\"position\":2,\"name\":\"Casa di EMMIR\"}]},{\"@type\":\"WebSite\",\"@id\":\"https:\/\/qa.emmirmilano.com\/it\/#website\",\"url\":\"https:\/\/qa.emmirmilano.com\/it\/\",\"name\":\"QA Emmir Milano\",\"description\":\"\",\"publisher\":{\"@id\":\"https:\/\/qa.emmirmilano.com\/it\/#organization\"},\"potentialAction\":[{\"@type\":\"SearchAction\",\"target\":{\"@type\":\"EntryPoint\",\"urlTemplate\":\"https:\/\/qa.emmirmilano.com\/it\/?s={search_term_string}\"},\"query-input\":{\"@type\":\"PropertyValueSpecification\",\"valueRequired\":true,\"valueName\":\"search_term_string\"}}],\"inLanguage\":\"it-IT\"},{\"@type\":\"Organization\",\"@id\":\"https:\/\/qa.emmirmilano.com\/it\/#organization\",\"name\":\"QA Emmir Milano\",\"url\":\"https:\/\/qa.emmirmilano.com\/it\/\",\"logo\":{\"@type\":\"ImageObject\",\"inLanguage\":\"it-IT\",\"@id\":\"https:\/\/qa.emmirmilano.com\/it\/#\/schema\/logo\/image\/\",\"url\":\"https:\/\/qa.emmirmilano.com\/wp-content\/uploads\/2024\/02\/logotipo_emmir-blanco.webp\",\"contentUrl\":\"https:\/\/qa.emmirmilano.com\/wp-content\/uploads\/2024\/02\/logotipo_emmir-blanco.webp\",\"width\":513,\"height\":197,\"caption\":\"QA Emmir Milano\"},\"image\":{\"@id\":\"https:\/\/qa.emmirmilano.com\/it\/#\/schema\/logo\/image\/\"}}]}<\/script>\n<!-- \/ Yoast SEO plugin. -->","yoast_head_json":{"title":"Casa di EMMIR","robots":{"index":"noindex","follow":"follow","max-snippet":"max-snippet:-1","max-image-preview":"max-image-preview:large","max-video-preview":"max-video-preview:-1"},"og_locale":"it_IT","og_type":"article","og_title":"Casa di EMMIR","og_description":"Nel cuore della splendida citt\u00e0 di Milano, c&#8217;\u00e8 un luogo straordinario conosciuto come EMMIR MILANO. Questo paradiso etereo della profumeria italiana \u00e8 molto pi\u00f9 di una semplice casa di produzione, \u00e8 una destinazione incantevole dove i sogni diventano profumi e i sensi prendono vita. Dal momento in cui varcherai la soglia, potrai percepire un mix [&hellip;]","og_url":"https:\/\/qa.emmirmilano.com\/it\/casa-di-emmir\/","og_site_name":"QA Emmir Milano","article_modified_time":"2024-10-03T19:36:44+00:00","twitter_card":"summary_large_image","twitter_misc":{"Tempo di lettura stimato":"1 minuto"},"schema":{"@context":"https:\/\/schema.org","@graph":[{"@type":"WebPage","@id":"https:\/\/qa.emmirmilano.com\/it\/casa-di-emmir\/","url":"https:\/\/qa.emmirmilano.com\/it\/casa-di-emmir\/","name":"Casa di EMMIR","isPartOf":{"@id":"https:\/\/qa.emmirmilano.com\/it\/#website"},"datePublished":"2024-08-26T20:13:23+00:00","dateModified":"2024-10-03T19:36:44+00:00","breadcrumb":{"@id":"https:\/\/qa.emmirmilano.com\/it\/casa-di-emmir\/#breadcrumb"},"inLanguage":"it-IT","potentialAction":[{"@type":"ReadAction","target":["https:\/\/qa.emmirmilano.com\/it\/casa-di-emmir\/"]}]},{"@type":"BreadcrumbList","@id":"https:\/\/qa.emmirmilano.com\/it\/casa-di-emmir\/#breadcrumb","itemListElement":[{"@type":"ListItem","position":1,"name":"Home","item":"https:\/\/qa.emmirmilano.com\/it\/home\/"},{"@type":"ListItem","position":2,"name":"Casa di EMMIR"}]},{"@type":"WebSite","@id":"https:\/\/qa.emmirmilano.com\/it\/#website","url":"https:\/\/qa.emmirmilano.com\/it\/","name":"QA Emmir Milano","description":"","publisher":{"@id":"https:\/\/qa.emmirmilano.com\/it\/#organization"},"potentialAction":[{"@type":"SearchAction","target":{"@type":"EntryPoint","urlTemplate":"https:\/\/qa.emmirmilano.com\/it\/?s={search_term_string}"},"query-input":{"@type":"PropertyValueSpecification","valueRequired":true,"valueName":"search_term_string"}}],"inLanguage":"it-IT"},{"@type":"Organization","@id":"https:\/\/qa.emmirmilano.com\/it\/#organization","name":"QA Emmir Milano","url":"https:\/\/qa.emmirmilano.com\/it\/","logo":{"@type":"ImageObject","inLanguage":"it-IT","@id":"https:\/\/qa.emmirmilano.com\/it\/#\/schema\/logo\/image\/","url":"https:\/\/qa.emmirmilano.com\/wp-content\/uploads\/2024\/02\/logotipo_emmir-blanco.webp","contentUrl":"https:\/\/qa.emmirmilano.com\/wp-content\/uploads\/2024\/02\/logotipo_emmir-blanco.webp","width":513,"height":197,"caption":"QA Emmir Milano"},"image":{"@id":"https:\/\/qa.emmirmilano.com\/it\/#\/schema\/logo\/image\/"}}]}},"_links":{"self":[{"href":"https:\/\/qa.emmirmilano.com\/it\/wp-json\/wp\/v2\/pages\/9125","targetHints":{"allow":["GET"]}}],"collection":[{"href":"https:\/\/qa.emmirmilano.com\/it\/wp-json\/wp\/v2\/pages"}],"about":[{"href":"https:\/\/qa.emmirmilano.com\/it\/wp-json\/wp\/v2\/types\/page"}],"author":[{"embeddable":true,"href":"https:\/\/qa.emmirmilano.com\/it\/wp-json\/wp\/v2\/users\/1"}],"replies":[{"embeddable":true,"href":"https:\/\/qa.emmirmilano.com\/it\/wp-json\/wp\/v2\/comments?post=9125"}],"version-history":[{"count":0,"href":"https:\/\/qa.emmirmilano.com\/it\/wp-json\/wp\/v2\/pages\/9125\/revisions"}],"wp:attachment":[{"href":"https:\/\/qa.emmirmilano.com\/it\/wp-json\/wp\/v2\/media?parent=9125"}],"curies":[{"name":"wp","href":"https:\/\/api.w.org\/{rel}","templated":true}]}}