{"id":9309,"date":"2024-03-01T08:08:35","date_gmt":"2024-03-01T08:08:35","guid":{"rendered":"https:\/\/qa.emmirmilano.com\/product\/profumo-napoli\/"},"modified":"2024-10-04T23:02:15","modified_gmt":"2024-10-04T23:02:15","slug":"profumo-napoli","status":"publish","type":"product","link":"https:\/\/qa.emmirmilano.com\/it\/prodotto\/profumo-napoli\/","title":{"rendered":"Profumo Napoli"},"content":{"rendered":"\t\t<div data-elementor-type=\"product-post\" data-elementor-id=\"9309\" class=\"elementor elementor-9309 elementor-7616\" data-elementor-post-type=\"product\">\n\t\t\t\t<div class=\"elementor-element elementor-element-505bb0b e-con-full e-flex e-con e-parent\" data-id=\"505bb0b\" data-element_type=\"container\" data-settings=\"{&quot;background_background&quot;:&quot;classic&quot;}\">\n\t\t<div class=\"elementor-element elementor-element-227c9b8 e-con-full e-flex e-con e-child\" data-id=\"227c9b8\" data-element_type=\"container\" data-settings=\"{&quot;background_background&quot;:&quot;classic&quot;}\">\n\t\t\t\t<div class=\"elementor-element elementor-element-7b9d721 elementor-hidden-desktop elementor-hidden-tablet elementor-widget elementor-widget-heading\" data-id=\"7b9d721\" data-element_type=\"widget\" data-widget_type=\"heading.default\">\n\t\t\t\t<div class=\"elementor-widget-container\">\n\t\t\t<h2 class=\"elementor-heading-title elementor-size-default\">Profumo Napoli<\/h2>\t\t<\/div>\n\t\t\t\t<\/div>\n\t\t\t\t<\/div>\n\t\t<div class=\"elementor-element elementor-element-8459bdb e-con-full e-flex e-con e-child\" data-id=\"8459bdb\" data-element_type=\"container\" data-settings=\"{&quot;background_background&quot;:&quot;classic&quot;}\">\n\t\t<div class=\"elementor-element elementor-element-00b6c5f e-flex e-con-boxed e-con e-child\" data-id=\"00b6c5f\" data-element_type=\"container\">\n\t\t\t\t\t<div class=\"e-con-inner\">\n\t\t\t\t<div class=\"elementor-element elementor-element-2fe3e35 elementor-hidden-mobile elementor-widget elementor-widget-heading\" data-id=\"2fe3e35\" data-element_type=\"widget\" data-widget_type=\"heading.default\">\n\t\t\t\t<div class=\"elementor-widget-container\">\n\t\t\t<h2 class=\"elementor-heading-title elementor-size-default\">Profumo Napoli<\/h2>\t\t<\/div>\n\t\t\t\t<\/div>\n\t\t\t\t<div class=\"elementor-element elementor-element-d59763f elementor-widget elementor-widget-text-editor\" data-id=\"d59763f\" data-element_type=\"widget\" data-widget_type=\"text-editor.default\">\n\t\t\t\t<div class=\"elementor-widget-container\">\n\t\t\t\t\t\t\t<p><strong>Napoli<\/strong> ha una personalit\u00e0 fruttata e floreale che simboleggia l&#8217;essenza confortante ed energica della citt\u00e0.<\/p>\n\t\t\t\t\t\t<\/div>\n\t\t\t\t<\/div>\n\t\t\t\t<div class=\"elementor-element elementor-element-4fbef16 elementor-widget-divider--view-line elementor-widget elementor-widget-divider\" data-id=\"4fbef16\" data-element_type=\"widget\" data-widget_type=\"divider.default\">\n\t\t\t\t<div class=\"elementor-widget-container\">\n\t\t\t\t\t<div class=\"elementor-divider\">\n\t\t\t<span class=\"elementor-divider-separator\">\n\t\t\t\t\t\t<\/span>\n\t\t<\/div>\n\t\t\t\t<\/div>\n\t\t\t\t<\/div>\n\t\t\t\t<div class=\"elementor-element elementor-element-71b2ade elementor-widget elementor-widget-heading\" data-id=\"71b2ade\" data-element_type=\"widget\" data-widget_type=\"heading.default\">\n\t\t\t\t<div class=\"elementor-widget-container\">\n\t\t\t<h2 class=\"elementor-heading-title elementor-size-default\">FAMIGLIA OLFATTIVA<\/h2>\t\t<\/div>\n\t\t\t\t<\/div>\n\t\t\t\t<div class=\"elementor-element elementor-element-305b8f4 elementor-widget elementor-widget-text-editor\" data-id=\"305b8f4\" data-element_type=\"widget\" data-widget_type=\"text-editor.default\">\n\t\t\t\t<div class=\"elementor-widget-container\">\n\t\t\t\t\t\t\t<p>Fruttato floreale.<\/p>\n\t\t\t\t\t\t<\/div>\n\t\t\t\t<\/div>\n\t\t\t\t\t<\/div>\n\t\t\t\t<\/div>\n\t\t<div class=\"elementor-element elementor-element-de95f53 e-flex e-con-boxed e-con e-child\" data-id=\"de95f53\" data-element_type=\"container\">\n\t\t\t\t\t<div class=\"e-con-inner\">\n\t\t\t\t<div class=\"elementor-element elementor-element-8ee0b30 elementor-widget-divider--view-line elementor-widget elementor-widget-divider\" data-id=\"8ee0b30\" data-element_type=\"widget\" data-widget_type=\"divider.default\">\n\t\t\t\t<div class=\"elementor-widget-container\">\n\t\t\t\t\t<div class=\"elementor-divider\">\n\t\t\t<span class=\"elementor-divider-separator\">\n\t\t\t\t\t\t<\/span>\n\t\t<\/div>\n\t\t\t\t<\/div>\n\t\t\t\t<\/div>\n\t\t\t\t<div class=\"elementor-element elementor-element-dc90b95 elementor-widget elementor-widget-n-accordion\" data-id=\"dc90b95\" data-element_type=\"widget\" data-settings=\"{&quot;default_state&quot;:&quot;expanded&quot;,&quot;max_items_expended&quot;:&quot;one&quot;,&quot;n_accordion_animation_duration&quot;:{&quot;unit&quot;:&quot;ms&quot;,&quot;size&quot;:400,&quot;sizes&quot;:[]}}\" data-widget_type=\"nested-accordion.default\">\n\t\t\t\t<div class=\"elementor-widget-container\">\n\t\t\t\t\t<div class=\"e-n-accordion\" aria-label=\"Accordion. Open links with Enter or Space, close with Escape, and navigate with Arrow Keys\">\n\t\t\t\t\t\t<details id=\"e-n-accordion-item-2310\" class=\"e-n-accordion-item\" open>\n\t\t\t\t<summary class=\"e-n-accordion-item-title\" data-accordion-index=\"1\" tabindex=\"0\" aria-expanded=\"true\" aria-controls=\"e-n-accordion-item-2310\" >\n\t\t\t\t\t<span class='e-n-accordion-item-title-header'><div class=\"e-n-accordion-item-title-text\"> NOTE DI TESTA <\/div><\/span>\n\t\t\t\t\t\t\t<span class='e-n-accordion-item-title-icon'>\n\t\t\t<span class='e-opened' ><svg aria-hidden=\"true\" class=\"e-font-icon-svg e-fas-times\" viewBox=\"0 0 352 512\" xmlns=\"http:\/\/www.w3.org\/2000\/svg\"><path d=\"M242.72 256l100.07-100.07c12.28-12.28 12.28-32.19 0-44.48l-22.24-22.24c-12.28-12.28-32.19-12.28-44.48 0L176 189.28 75.93 89.21c-12.28-12.28-32.19-12.28-44.48 0L9.21 111.45c-12.28 12.28-12.28 32.19 0 44.48L109.28 256 9.21 356.07c-12.28 12.28-12.28 32.19 0 44.48l22.24 22.24c12.28 12.28 32.2 12.28 44.48 0L176 322.72l100.07 100.07c12.28 12.28 32.2 12.28 44.48 0l22.24-22.24c12.28-12.28 12.28-32.19 0-44.48L242.72 256z\"><\/path><\/svg><\/span>\n\t\t\t<span class='e-closed'><svg aria-hidden=\"true\" class=\"e-font-icon-svg e-fas-arrow-down\" viewBox=\"0 0 448 512\" xmlns=\"http:\/\/www.w3.org\/2000\/svg\"><path d=\"M413.1 222.5l22.2 22.2c9.4 9.4 9.4 24.6 0 33.9L241 473c-9.4 9.4-24.6 9.4-33.9 0L12.7 278.6c-9.4-9.4-9.4-24.6 0-33.9l22.2-22.2c9.5-9.5 25-9.3 34.3.4L184 343.4V56c0-13.3 10.7-24 24-24h32c13.3 0 24 10.7 24 24v287.4l114.8-120.5c9.3-9.8 24.8-10 34.3-.4z\"><\/path><\/svg><\/span>\n\t\t<\/span>\n\n\t\t\t\t\t\t<\/summary>\n\t\t\t\t<div role=\"region\" aria-labelledby=\"e-n-accordion-item-2310\" class=\"elementor-element elementor-element-535afef e-con-full e-flex e-con e-child\" data-id=\"535afef\" data-element_type=\"container\">\n\t\t\t\t<div class=\"elementor-element elementor-element-06c67d1 elementor-widget elementor-widget-text-editor\" data-id=\"06c67d1\" data-element_type=\"widget\" data-widget_type=\"text-editor.default\">\n\t\t\t\t<div class=\"elementor-widget-container\">\n\t\t\t\t\t\t\t<p>Mango \/ Arancia \/ Lampone \/ Mela<\/p>\n\t\t\t\t\t\t<\/div>\n\t\t\t\t<\/div>\n\t\t\t\t<div class=\"elementor-element elementor-element-a84715f elementor-widget elementor-widget-image-gallery\" data-id=\"a84715f\" data-element_type=\"widget\" data-widget_type=\"image-gallery.default\">\n\t\t\t\t<div class=\"elementor-widget-container\">\n\t\t\t\t\t<div class=\"elementor-image-gallery\">\n\t\t\t\t\t<\/div>\n\t\t\t\t<\/div>\n\t\t\t\t<\/div>\n\t\t\t\t<\/div>\n\t\t\t\t\t<\/details>\n\t\t\t\t\t\t<details id=\"e-n-accordion-item-2311\" class=\"e-n-accordion-item\" >\n\t\t\t\t<summary class=\"e-n-accordion-item-title\" data-accordion-index=\"2\" tabindex=\"-1\" aria-expanded=\"false\" aria-controls=\"e-n-accordion-item-2311\" >\n\t\t\t\t\t<span class='e-n-accordion-item-title-header'><div class=\"e-n-accordion-item-title-text\"> NOTE DI CUORE <\/div><\/span>\n\t\t\t\t\t\t\t<span class='e-n-accordion-item-title-icon'>\n\t\t\t<span class='e-opened' ><svg aria-hidden=\"true\" class=\"e-font-icon-svg e-fas-times\" viewBox=\"0 0 352 512\" xmlns=\"http:\/\/www.w3.org\/2000\/svg\"><path d=\"M242.72 256l100.07-100.07c12.28-12.28 12.28-32.19 0-44.48l-22.24-22.24c-12.28-12.28-32.19-12.28-44.48 0L176 189.28 75.93 89.21c-12.28-12.28-32.19-12.28-44.48 0L9.21 111.45c-12.28 12.28-12.28 32.19 0 44.48L109.28 256 9.21 356.07c-12.28 12.28-12.28 32.19 0 44.48l22.24 22.24c12.28 12.28 32.2 12.28 44.48 0L176 322.72l100.07 100.07c12.28 12.28 32.2 12.28 44.48 0l22.24-22.24c12.28-12.28 12.28-32.19 0-44.48L242.72 256z\"><\/path><\/svg><\/span>\n\t\t\t<span class='e-closed'><svg aria-hidden=\"true\" class=\"e-font-icon-svg e-fas-arrow-down\" viewBox=\"0 0 448 512\" xmlns=\"http:\/\/www.w3.org\/2000\/svg\"><path d=\"M413.1 222.5l22.2 22.2c9.4 9.4 9.4 24.6 0 33.9L241 473c-9.4 9.4-24.6 9.4-33.9 0L12.7 278.6c-9.4-9.4-9.4-24.6 0-33.9l22.2-22.2c9.5-9.5 25-9.3 34.3.4L184 343.4V56c0-13.3 10.7-24 24-24h32c13.3 0 24 10.7 24 24v287.4l114.8-120.5c9.3-9.8 24.8-10 34.3-.4z\"><\/path><\/svg><\/span>\n\t\t<\/span>\n\n\t\t\t\t\t\t<\/summary>\n\t\t\t\t<div role=\"region\" aria-labelledby=\"e-n-accordion-item-2311\" class=\"elementor-element elementor-element-9cbc3c6 e-con-full e-flex e-con e-child\" data-id=\"9cbc3c6\" data-element_type=\"container\">\n\t\t\t\t<div class=\"elementor-element elementor-element-27c47a2 elementor-widget elementor-widget-text-editor\" data-id=\"27c47a2\" data-element_type=\"widget\" data-widget_type=\"text-editor.default\">\n\t\t\t\t<div class=\"elementor-widget-container\">\n\t\t\t\t\t\t\t<p>Gelsomino \/ Fiori d&#8217;arancio \/ Caramello \/ Cocco<\/p>\n\t\t\t\t\t\t<\/div>\n\t\t\t\t<\/div>\n\t\t\t\t<div class=\"elementor-element elementor-element-1fc2a34 elementor-widget elementor-widget-image-gallery\" data-id=\"1fc2a34\" data-element_type=\"widget\" data-widget_type=\"image-gallery.default\">\n\t\t\t\t<div class=\"elementor-widget-container\">\n\t\t\t\t\t<div class=\"elementor-image-gallery\">\n\t\t\t\t\t<\/div>\n\t\t\t\t<\/div>\n\t\t\t\t<\/div>\n\t\t\t\t<\/div>\n\t\t\t\t\t<\/details>\n\t\t\t\t\t\t<details id=\"e-n-accordion-item-2312\" class=\"e-n-accordion-item\" >\n\t\t\t\t<summary class=\"e-n-accordion-item-title\" data-accordion-index=\"3\" tabindex=\"-1\" aria-expanded=\"false\" aria-controls=\"e-n-accordion-item-2312\" >\n\t\t\t\t\t<span class='e-n-accordion-item-title-header'><div class=\"e-n-accordion-item-title-text\"> NOTE DI FONDO <\/div><\/span>\n\t\t\t\t\t\t\t<span class='e-n-accordion-item-title-icon'>\n\t\t\t<span class='e-opened' ><svg aria-hidden=\"true\" class=\"e-font-icon-svg e-fas-times\" viewBox=\"0 0 352 512\" xmlns=\"http:\/\/www.w3.org\/2000\/svg\"><path d=\"M242.72 256l100.07-100.07c12.28-12.28 12.28-32.19 0-44.48l-22.24-22.24c-12.28-12.28-32.19-12.28-44.48 0L176 189.28 75.93 89.21c-12.28-12.28-32.19-12.28-44.48 0L9.21 111.45c-12.28 12.28-12.28 32.19 0 44.48L109.28 256 9.21 356.07c-12.28 12.28-12.28 32.19 0 44.48l22.24 22.24c12.28 12.28 32.2 12.28 44.48 0L176 322.72l100.07 100.07c12.28 12.28 32.2 12.28 44.48 0l22.24-22.24c12.28-12.28 12.28-32.19 0-44.48L242.72 256z\"><\/path><\/svg><\/span>\n\t\t\t<span class='e-closed'><svg aria-hidden=\"true\" class=\"e-font-icon-svg e-fas-arrow-down\" viewBox=\"0 0 448 512\" xmlns=\"http:\/\/www.w3.org\/2000\/svg\"><path d=\"M413.1 222.5l22.2 22.2c9.4 9.4 9.4 24.6 0 33.9L241 473c-9.4 9.4-24.6 9.4-33.9 0L12.7 278.6c-9.4-9.4-9.4-24.6 0-33.9l22.2-22.2c9.5-9.5 25-9.3 34.3.4L184 343.4V56c0-13.3 10.7-24 24-24h32c13.3 0 24 10.7 24 24v287.4l114.8-120.5c9.3-9.8 24.8-10 34.3-.4z\"><\/path><\/svg><\/span>\n\t\t<\/span>\n\n\t\t\t\t\t\t<\/summary>\n\t\t\t\t<div role=\"region\" aria-labelledby=\"e-n-accordion-item-2312\" class=\"elementor-element elementor-element-64a6bab e-con-full e-flex e-con e-child\" data-id=\"64a6bab\" data-element_type=\"container\">\n\t\t\t\t<div class=\"elementor-element elementor-element-2a9ca2a elementor-widget elementor-widget-text-editor\" data-id=\"2a9ca2a\" data-element_type=\"widget\" data-widget_type=\"text-editor.default\">\n\t\t\t\t<div class=\"elementor-widget-container\">\n\t\t\t\t\t\t\t<p>Cedro \/ Patchouli \/ Vaniglia del Madagascar \/ Muschio<\/p>\n\t\t\t\t\t\t<\/div>\n\t\t\t\t<\/div>\n\t\t\t\t<div class=\"elementor-element elementor-element-d6b9113 elementor-widget elementor-widget-image-gallery\" data-id=\"d6b9113\" data-element_type=\"widget\" data-widget_type=\"image-gallery.default\">\n\t\t\t\t<div class=\"elementor-widget-container\">\n\t\t\t\t\t<div class=\"elementor-image-gallery\">\n\t\t\t<div id='gallery-3' class='gallery galleryid-9309 gallery-columns-5 gallery-size-thumbnail'><figure class='gallery-item'>\n\t\t\t<div class='gallery-icon landscape'>\n\t\t\t\t<a data-elementor-open-lightbox=\"yes\" data-elementor-lightbox-slideshow=\"d6b9113\" data-elementor-lightbox-title=\"Almiscle\" data-e-action-hash=\"#elementor-action%3Aaction%3Dlightbox%26settings%3DeyJpZCI6OTM2NCwidXJsIjoiaHR0cHM6XC9cL3FhLmVtbWlybWlsYW5vLmNvbVwvd3AtY29udGVudFwvdXBsb2Fkc1wvMjAyNFwvMDJcL0FsbWlzY2xlLndlYnAiLCJzbGlkZXNob3ciOiJkNmI5MTEzIn0%3D\" href='https:\/\/qa.emmirmilano.com\/wp-content\/uploads\/2024\/02\/Almiscle.webp'><img decoding=\"async\" width=\"150\" height=\"150\" src=\"https:\/\/qa.emmirmilano.com\/wp-content\/uploads\/2024\/02\/Almiscle-150x150.webp\" class=\"attachment-thumbnail size-thumbnail\" alt=\"\" srcset=\"https:\/\/qa.emmirmilano.com\/wp-content\/uploads\/2024\/02\/Almiscle-150x150.webp 150w, https:\/\/qa.emmirmilano.com\/wp-content\/uploads\/2024\/02\/Almiscle-300x300.webp 300w, https:\/\/qa.emmirmilano.com\/wp-content\/uploads\/2024\/02\/Almiscle-441x441.webp 441w, https:\/\/qa.emmirmilano.com\/wp-content\/uploads\/2024\/02\/Almiscle-100x100.webp 100w, https:\/\/qa.emmirmilano.com\/wp-content\/uploads\/2024\/02\/Almiscle.webp 512w\" sizes=\"(max-width: 360px) 147px, (max-width: 150px) 100vw, 150px\" \/><\/a>\n\t\t\t<\/div><\/figure>\n\t\t<\/div>\n\t\t<\/div>\n\t\t\t\t<\/div>\n\t\t\t\t<\/div>\n\t\t\t\t<\/div>\n\t\t\t\t\t<\/details>\n\t\t\t\t\t<\/div>\n\t\t\t\t<\/div>\n\t\t\t\t<\/div>\n\t\t\t\t<div class=\"elementor-element elementor-element-b7916d8 elementor-widget elementor-widget-text-editor\" data-id=\"b7916d8\" data-element_type=\"widget\" data-widget_type=\"text-editor.default\">\n\t\t\t\t<div class=\"elementor-widget-container\">\n\t\t\t\t\t\t\t<p>Questo profumo trasporta chi lo indossa nelle strade vivaci, nei sapori autentici e nella vita energica di <strong>Napoli<\/strong>. \u00c8 un omaggio alla citt\u00e0 che ha conquistato i cuori con la sua passione e autenticit\u00e0. Questa fragranza \u00e8 una passeggiata profumata attraverso i colori vibranti, i sapori intensi e le emozioni palpabili che rendono Napoli un luogo indimenticabile.<\/p>\n\t\t\t\t\t\t<\/div>\n\t\t\t\t<\/div>\n\t\t\t\t\t<\/div>\n\t\t\t\t<\/div>\n\t\t\t\t<\/div>\n\t\t\t\t<\/div>\n\t\t<div class=\"elementor-element elementor-element-db4831e e-flex e-con-boxed e-con e-parent\" data-id=\"db4831e\" data-element_type=\"container\" data-settings=\"{&quot;background_background&quot;:&quot;classic&quot;}\">\n\t\t\t\t\t<div class=\"e-con-inner\">\n\t\t\t\t<div class=\"elementor-element elementor-element-b54cb20 elementor-widget elementor-widget-text-editor\" data-id=\"b54cb20\" data-element_type=\"widget\" data-widget_type=\"text-editor.default\">\n\t\t\t\t<div class=\"elementor-widget-container\">\n\t\t\t\t\t\t\t<p>Napoli ha una personalit\u00e0 fruttata e floreale che simboleggia l&#8217;essenza confortante ed energica della citt\u00e0.<\/p>\n\t\t\t\t\t\t<\/div>\n\t\t\t\t<\/div>\n\t\t\t\t\t<\/div>\n\t\t\t\t<\/div>\n\t\t\t\t<\/div>\n\t\t","protected":false},"excerpt":{"rendered":"<div class=\"c-product-main__info\">\n<div class=\"c-product-main__name-wrapper\">\n<div class=\"c-content-tile__image c-content-tile__section\">\n<div class=\"ewa-rteLine\">\n<div class=\"ewa-rteLine\">\n<div class=\"ewa-rteLine\">\n<div class=\"ewa-rteLine\">\n<div class=\"ewa-rteLine\">\n<p>Questo profumo cattura la vibrante energia e la ricca storia di Napoli, un&#8217;appassionata citt\u00e0 situata sulla costa sud-occidentale dell&#8217;Italia, nota per la sua vitalit\u00e0, la sua cucina e la sua vicinanza al Vesuvio. Questa fragranza evoca il calore, l&#8217;intensit\u00e0 e l&#8217;autenticit\u00e0 dell&#8217;opera e della vivace vita notturna che caratterizzano Napoli.<\/p>\n<p>Napoli ha una personalit\u00e0 fruttata e floreale che simboleggia l&#8217;essenza confortante ed energica della citt\u00e0.<\/p>\n<\/div>\n<\/div>\n<\/div>\n<\/div>\n<\/div>\n<div><\/div>\n<\/div>\n<div><strong>50ml<\/strong><\/div>\n<\/div>\n<\/div>\n","protected":false},"featured_media":9310,"template":"","meta":[],"product_cat":[118,122,123,124,120,128,126,129],"product_tag":[],"class_list":{"0":"post-9309","1":"product","2":"type-product","3":"status-publish","4":"has-post-thumbnail","6":"product_cat-emmir-milano-it","7":"product_cat-floreale-it","8":"product_cat-fruttato","9":"product_cat-gourmand-it","10":"product_cat-note","11":"product_cat-per-lui","12":"product_cat-profumi","13":"product_cat-unisex-it","15":"first","16":"instock","17":"shipping-taxable","18":"purchasable","19":"product-type-simple"},"yoast_head":"<!-- This site is optimized with the Yoast SEO plugin v23.5 - https:\/\/yoast.com\/wordpress\/plugins\/seo\/ -->\n<title>Profumo Napoli | QA Emmir Milano<\/title>\n<meta name=\"robots\" content=\"noindex, follow, max-snippet:-1, max-image-preview:large, max-video-preview:-1\" \/>\n<meta property=\"og:locale\" content=\"it_IT\" \/>\n<meta property=\"og:type\" content=\"article\" \/>\n<meta property=\"og:title\" content=\"Profumo Napoli | QA Emmir Milano\" \/>\n<meta property=\"og:description\" content=\"Questo profumo cattura la vibrante energia e la ricca storia di Napoli, un&#039;appassionata citt\u00e0 situata sulla costa sud-occidentale dell&#039;Italia, nota per la sua vitalit\u00e0, la sua cucina e la sua vicinanza al Vesuvio. Questa fragranza evoca il calore, l&#039;intensit\u00e0 e l&#039;autenticit\u00e0 dell&#039;opera e della vivace vita notturna che caratterizzano Napoli. Napoli ha una personalit\u00e0 fruttata e floreale che simboleggia l&#039;essenza confortante ed energica della citt\u00e0.     50ml\" \/>\n<meta property=\"og:url\" content=\"https:\/\/qa.emmirmilano.com\/it\/prodotto\/profumo-napoli\/\" \/>\n<meta property=\"og:site_name\" content=\"QA Emmir Milano\" \/>\n<meta property=\"article:modified_time\" content=\"2024-10-04T23:02:15+00:00\" \/>\n<meta property=\"og:image\" content=\"https:\/\/qa.emmirmilano.com\/wp-content\/uploads\/2024\/02\/emmir-napoli-00.webp\" \/>\n\t<meta property=\"og:image:width\" content=\"546\" \/>\n\t<meta property=\"og:image:height\" content=\"1024\" \/>\n\t<meta property=\"og:image:type\" content=\"image\/webp\" \/>\n<meta name=\"twitter:card\" content=\"summary_large_image\" \/>\n<meta name=\"twitter:label1\" content=\"Tempo di lettura stimato\" \/>\n\t<meta name=\"twitter:data1\" content=\"1 minuto\" \/>\n<script type=\"application\/ld+json\" class=\"yoast-schema-graph\">{\"@context\":\"https:\/\/schema.org\",\"@graph\":[{\"@type\":\"WebPage\",\"@id\":\"https:\/\/qa.emmirmilano.com\/it\/prodotto\/profumo-napoli\/\",\"url\":\"https:\/\/qa.emmirmilano.com\/it\/prodotto\/profumo-napoli\/\",\"name\":\"Profumo Napoli | QA Emmir Milano\",\"isPartOf\":{\"@id\":\"https:\/\/qa.emmirmilano.com\/it\/#website\"},\"primaryImageOfPage\":{\"@id\":\"https:\/\/qa.emmirmilano.com\/it\/prodotto\/profumo-napoli\/#primaryimage\"},\"image\":{\"@id\":\"https:\/\/qa.emmirmilano.com\/it\/prodotto\/profumo-napoli\/#primaryimage\"},\"thumbnailUrl\":\"https:\/\/qa.emmirmilano.com\/wp-content\/uploads\/2024\/02\/emmir-napoli-00.webp\",\"datePublished\":\"2024-03-01T08:08:35+00:00\",\"dateModified\":\"2024-10-04T23:02:15+00:00\",\"breadcrumb\":{\"@id\":\"https:\/\/qa.emmirmilano.com\/it\/prodotto\/profumo-napoli\/#breadcrumb\"},\"inLanguage\":\"it-IT\",\"potentialAction\":[{\"@type\":\"ReadAction\",\"target\":[\"https:\/\/qa.emmirmilano.com\/it\/prodotto\/profumo-napoli\/\"]}]},{\"@type\":\"ImageObject\",\"inLanguage\":\"it-IT\",\"@id\":\"https:\/\/qa.emmirmilano.com\/it\/prodotto\/profumo-napoli\/#primaryimage\",\"url\":\"https:\/\/qa.emmirmilano.com\/wp-content\/uploads\/2024\/02\/emmir-napoli-00.webp\",\"contentUrl\":\"https:\/\/qa.emmirmilano.com\/wp-content\/uploads\/2024\/02\/emmir-napoli-00.webp\",\"width\":546,\"height\":1024},{\"@type\":\"BreadcrumbList\",\"@id\":\"https:\/\/qa.emmirmilano.com\/it\/prodotto\/profumo-napoli\/#breadcrumb\",\"itemListElement\":[{\"@type\":\"ListItem\",\"position\":1,\"name\":\"Home\",\"item\":\"https:\/\/qa.emmirmilano.com\/it\/home\/\"},{\"@type\":\"ListItem\",\"position\":2,\"name\":\"Negozio\",\"item\":\"https:\/\/qa.emmirmilano.com\/it\/negozio\/\"},{\"@type\":\"ListItem\",\"position\":3,\"name\":\"Profumo Napoli\"}]},{\"@type\":\"WebSite\",\"@id\":\"https:\/\/qa.emmirmilano.com\/it\/#website\",\"url\":\"https:\/\/qa.emmirmilano.com\/it\/\",\"name\":\"QA Emmir Milano\",\"description\":\"\",\"publisher\":{\"@id\":\"https:\/\/qa.emmirmilano.com\/it\/#organization\"},\"potentialAction\":[{\"@type\":\"SearchAction\",\"target\":{\"@type\":\"EntryPoint\",\"urlTemplate\":\"https:\/\/qa.emmirmilano.com\/it\/?s={search_term_string}\"},\"query-input\":{\"@type\":\"PropertyValueSpecification\",\"valueRequired\":true,\"valueName\":\"search_term_string\"}}],\"inLanguage\":\"it-IT\"},{\"@type\":\"Organization\",\"@id\":\"https:\/\/qa.emmirmilano.com\/it\/#organization\",\"name\":\"QA Emmir Milano\",\"url\":\"https:\/\/qa.emmirmilano.com\/it\/\",\"logo\":{\"@type\":\"ImageObject\",\"inLanguage\":\"it-IT\",\"@id\":\"https:\/\/qa.emmirmilano.com\/it\/#\/schema\/logo\/image\/\",\"url\":\"https:\/\/qa.emmirmilano.com\/wp-content\/uploads\/2024\/02\/logotipo_emmir-blanco.webp\",\"contentUrl\":\"https:\/\/qa.emmirmilano.com\/wp-content\/uploads\/2024\/02\/logotipo_emmir-blanco.webp\",\"width\":513,\"height\":197,\"caption\":\"QA Emmir Milano\"},\"image\":{\"@id\":\"https:\/\/qa.emmirmilano.com\/it\/#\/schema\/logo\/image\/\"}}]}<\/script>\n<!-- \/ Yoast SEO plugin. -->","yoast_head_json":{"title":"Profumo Napoli | QA Emmir Milano","robots":{"index":"noindex","follow":"follow","max-snippet":"max-snippet:-1","max-image-preview":"max-image-preview:large","max-video-preview":"max-video-preview:-1"},"og_locale":"it_IT","og_type":"article","og_title":"Profumo Napoli | QA Emmir Milano","og_description":"Questo profumo cattura la vibrante energia e la ricca storia di Napoli, un'appassionata citt\u00e0 situata sulla costa sud-occidentale dell'Italia, nota per la sua vitalit\u00e0, la sua cucina e la sua vicinanza al Vesuvio. Questa fragranza evoca il calore, l'intensit\u00e0 e l'autenticit\u00e0 dell'opera e della vivace vita notturna che caratterizzano Napoli. Napoli ha una personalit\u00e0 fruttata e floreale che simboleggia l'essenza confortante ed energica della citt\u00e0.     50ml","og_url":"https:\/\/qa.emmirmilano.com\/it\/prodotto\/profumo-napoli\/","og_site_name":"QA Emmir Milano","article_modified_time":"2024-10-04T23:02:15+00:00","og_image":[{"width":546,"height":1024,"url":"https:\/\/qa.emmirmilano.com\/wp-content\/uploads\/2024\/02\/emmir-napoli-00.webp","type":"image\/webp"}],"twitter_card":"summary_large_image","twitter_misc":{"Tempo di lettura stimato":"1 minuto"},"schema":{"@context":"https:\/\/schema.org","@graph":[{"@type":"WebPage","@id":"https:\/\/qa.emmirmilano.com\/it\/prodotto\/profumo-napoli\/","url":"https:\/\/qa.emmirmilano.com\/it\/prodotto\/profumo-napoli\/","name":"Profumo Napoli | QA Emmir Milano","isPartOf":{"@id":"https:\/\/qa.emmirmilano.com\/it\/#website"},"primaryImageOfPage":{"@id":"https:\/\/qa.emmirmilano.com\/it\/prodotto\/profumo-napoli\/#primaryimage"},"image":{"@id":"https:\/\/qa.emmirmilano.com\/it\/prodotto\/profumo-napoli\/#primaryimage"},"thumbnailUrl":"https:\/\/qa.emmirmilano.com\/wp-content\/uploads\/2024\/02\/emmir-napoli-00.webp","datePublished":"2024-03-01T08:08:35+00:00","dateModified":"2024-10-04T23:02:15+00:00","breadcrumb":{"@id":"https:\/\/qa.emmirmilano.com\/it\/prodotto\/profumo-napoli\/#breadcrumb"},"inLanguage":"it-IT","potentialAction":[{"@type":"ReadAction","target":["https:\/\/qa.emmirmilano.com\/it\/prodotto\/profumo-napoli\/"]}]},{"@type":"ImageObject","inLanguage":"it-IT","@id":"https:\/\/qa.emmirmilano.com\/it\/prodotto\/profumo-napoli\/#primaryimage","url":"https:\/\/qa.emmirmilano.com\/wp-content\/uploads\/2024\/02\/emmir-napoli-00.webp","contentUrl":"https:\/\/qa.emmirmilano.com\/wp-content\/uploads\/2024\/02\/emmir-napoli-00.webp","width":546,"height":1024},{"@type":"BreadcrumbList","@id":"https:\/\/qa.emmirmilano.com\/it\/prodotto\/profumo-napoli\/#breadcrumb","itemListElement":[{"@type":"ListItem","position":1,"name":"Home","item":"https:\/\/qa.emmirmilano.com\/it\/home\/"},{"@type":"ListItem","position":2,"name":"Negozio","item":"https:\/\/qa.emmirmilano.com\/it\/negozio\/"},{"@type":"ListItem","position":3,"name":"Profumo Napoli"}]},{"@type":"WebSite","@id":"https:\/\/qa.emmirmilano.com\/it\/#website","url":"https:\/\/qa.emmirmilano.com\/it\/","name":"QA Emmir Milano","description":"","publisher":{"@id":"https:\/\/qa.emmirmilano.com\/it\/#organization"},"potentialAction":[{"@type":"SearchAction","target":{"@type":"EntryPoint","urlTemplate":"https:\/\/qa.emmirmilano.com\/it\/?s={search_term_string}"},"query-input":{"@type":"PropertyValueSpecification","valueRequired":true,"valueName":"search_term_string"}}],"inLanguage":"it-IT"},{"@type":"Organization","@id":"https:\/\/qa.emmirmilano.com\/it\/#organization","name":"QA Emmir Milano","url":"https:\/\/qa.emmirmilano.com\/it\/","logo":{"@type":"ImageObject","inLanguage":"it-IT","@id":"https:\/\/qa.emmirmilano.com\/it\/#\/schema\/logo\/image\/","url":"https:\/\/qa.emmirmilano.com\/wp-content\/uploads\/2024\/02\/logotipo_emmir-blanco.webp","contentUrl":"https:\/\/qa.emmirmilano.com\/wp-content\/uploads\/2024\/02\/logotipo_emmir-blanco.webp","width":513,"height":197,"caption":"QA Emmir Milano"},"image":{"@id":"https:\/\/qa.emmirmilano.com\/it\/#\/schema\/logo\/image\/"}}]}},"_links":{"self":[{"href":"https:\/\/qa.emmirmilano.com\/it\/wp-json\/wp\/v2\/product\/9309","targetHints":{"allow":["GET"]}}],"collection":[{"href":"https:\/\/qa.emmirmilano.com\/it\/wp-json\/wp\/v2\/product"}],"about":[{"href":"https:\/\/qa.emmirmilano.com\/it\/wp-json\/wp\/v2\/types\/product"}],"version-history":[{"count":0,"href":"https:\/\/qa.emmirmilano.com\/it\/wp-json\/wp\/v2\/product\/9309\/revisions"}],"wp:featuredmedia":[{"embeddable":true,"href":"https:\/\/qa.emmirmilano.com\/it\/wp-json\/wp\/v2\/media\/9310"}],"wp:attachment":[{"href":"https:\/\/qa.emmirmilano.com\/it\/wp-json\/wp\/v2\/media?parent=9309"}],"wp:term":[{"taxonomy":"product_cat","embeddable":true,"href":"https:\/\/qa.emmirmilano.com\/it\/wp-json\/wp\/v2\/product_cat?post=9309"},{"taxonomy":"product_tag","embeddable":true,"href":"https:\/\/qa.emmirmilano.com\/it\/wp-json\/wp\/v2\/product_tag?post=9309"}],"curies":[{"name":"wp","href":"https:\/\/api.w.org\/{rel}","templated":true}]}}